{"id":4107,"date":"2017-09-29T13:01:05","date_gmt":"2017-09-29T13:01:05","guid":{"rendered":"https:\/\/demenagement-economique.com\/nous-joindre\/"},"modified":"2022-01-26T19:58:00","modified_gmt":"2022-01-26T19:58:00","slug":"contacto","status":"publish","type":"page","link":"https:\/\/demenagement-economique.com\/es\/contacto\/","title":{"rendered":"CONTACTO"},"content":{"rendered":"<p>[vc_row tm_textcolor=\u00bbwhite\u00bb tm_bgcolor=\u00bbdarkgrey\u00bb tm_bgimage_position=\u00bbcenter_top\u00bb full_width=\u00bbstretch_row\u00bb content_placement=\u00bbmiddle\u00bb css=\u00bb.vc_custom_1611767806096{padding-top: 120px !important;padding-bottom: 120px !important;background-image: url(https:\/\/demenagement-economique.com\/wp-content\/uploads\/2021\/01\/demenagement-nous-joindre.png?id=3217) !important;background-position: center !important;background-repeat: no-repeat !important;background-size: cover !important;}\u00bb][vc_column][vc_row_inner][vc_column_inner][vc_column_text]<\/p>\n<p style=\"text-align: center;\"><strong>SOMOS LOS EXPERTOS EN MUDANZAS ECON\u00d3MICAS EN MONTR\u00c9AL<\/strong><\/p>\n<h1 style=\"text-align: center;\"><strong>\u00bfBusca una mudanza econ\u00f3mica en Montreal? Tenemos m\u00e1s de 15 a\u00f1os de experiencia en mudanzas en Montr\u00e9al.<\/strong><\/h1>\n<p style=\"text-align: center;\"><strong>P\u00f3ngase en contacto con nosotros para encontrar una empresas de mudanzas experimentada y eficaz.<\/strong><\/p>\n<h4 style=\"text-align: center;\"><strong>\u00a1Mu\u00e9vete con confianza con MUDANZA ECON\u00d3MICA!<\/strong><\/h4>\n<p>[\/vc_column_text][\/vc_column_inner][\/vc_row_inner][\/vc_column][\/vc_row][vc_row full_width=\u00bbstretch_row\u00bb css=\u00bb.vc_custom_1611767824038{margin-top: -10px !important;padding-bottom: 10px !important;}\u00bb][vc_column][vc_column_text css=\u00bb.vc_custom_1642879400937{margin-top: 0px !important;}\u00bb]<\/p>\n<h6 style=\"text-align: center;\"><strong>Encontrar una empresa de mudanzas en Montreal no es f\u00e1cil. Conf\u00ede en una empresa del renombrado Grupo United Van Lines, una de las empresas mejor dirigidas de Canad\u00e1, y aproveche el programa Airmiles. No dude en ponerse en contacto con nosotros por tel\u00e9fono o correo electr\u00f3nico.<\/strong><\/h6>\n<p style=\"text-align: center;\"><strong>O aproveche nuestra <a href=\"https:\/\/demenagement-economique.com\/es\/estimacion-gratuita\/\">ESTIMACION EN LINEA GRATUITA<\/a>.<\/strong><\/p>\n<p>[\/vc_column_text]<div class=\"thememount-boxes thememount-boxes-client thememount-boxes-view-carousel thememount-boxes-col-three thememount-boxes-sortable- thememount-boxes-textalign-center tm-boxes-carousel-arrows-above tm-boxes-txtalign-center\" data-tm-speed=\"1500\" data-tm-autoplay=\"1\" data-tm-autoplayspeed=\"4500\" data-tm-loop=\"1\" data-tm-dots=\"0\" data-tm-nav=\"above\" data-tm-centermode=\"0\" data-tm-pauseonfocus=\"1\" data-tm-pauseonhover=\"1\" data-tm-slidestoscroll=\"column\" data-tm-effecttype=\"slide\">\n\t\t<div class=\"thememount-boxes-inner thememount-boxes-client-inner \"><\/div><!-- .thememount-boxes-inner -->   <\/div><!-- .thememount-boxes -->  [\/vc_column][\/vc_row][vc_row tm_bgcolor=\u00bbdarkgrey\u00bb tm_bgimage_position=\u00bbcenter_bottom\u00bb full_width=\u00bbstretch_row\u00bb parallax=\u00bbcontent-moving\u00bb parallax_speed_bg=\u00bb2.5&#8243; css=\u00bb.vc_custom_1611247945344{margin-bottom: 85px !important;padding-top: 60px !important;padding-bottom: 30px !important;}\u00bb][vc_column width=\u00bb1\/4&#8243;]<div class=\"tm-sbox tm-sbox-iconalign-left-spacing none tm-sbox-bgcolor-transparent tm-bgcolor-transparent tm-sbox-textcolor- tm-textcolor- tm-sbox-isize-md tm-sbox-isize-md tm-sbox-istyle-boxed-outline vc_custom_1642629961957 tm-sbox-heading-only reset-padding-servicebox\"><section class=\"tm-vc_cta3-container\"><div class=\"tm-vc_general tm-vc_cta3 tm-vc_cta3-align-left tm-vc_cta3-icon-size-md tm-vc_cta3-icons-left tm-vc_cta3-actions-no\"><div class=\"tm-vc_cta3-icons tm-wrap-cell\"><div class=\"tm-vc_icon_element tm-vc_icon_element-outer tm-vc_icon_element-align-left  tm-vc_icon_element-have-style\"><div class=\"tm-vc_icon_element-inner  tm-vc_icon_element-have-style-inner tm-vc_icon_element-color-white tm-vc_icon_element-size-md tm-vc_icon_element-style-boxed-outline tm-vc_icon_element-outline tm-vc_icon_element-background-color-white\" ><span class=\"tm-vc_icon_element-icon fas fa-map-marker-alt\" ><\/span><\/div><\/div><\/div><div class=\"tm-vc_cta3_content-container\"><div class=\"tm-vc_cta3-content\"><div class=\"tm-vc_cta3-content-header tm-wrap\"><div class=\"tm-vc_cta3-headers tm-wrap-cell\"><h2 class=\"tm-custom-heading \" >UBICACI\u00d3N<\/h2>\n<\/div><\/div><\/div><div class=\"tm-cta3-desc-btn-wrapper\"><div class=\"tm-cta3-description\"><div class=\"tm-cta3-content-wrapper\">\n<p class=\"tm-custom-heading \"><strong>7700, rue de Lamartine<\/strong><\/p>\n<p class=\"tm-custom-heading \"><strong>Anjou, QC H1J 2A8<\/strong><\/p>\n<p><\/div><\/div><\/div><\/div><\/div><\/section><\/div>[\/vc_column][vc_column width=\u00bb1\/4&#8243; css=\u00bb.vc_custom_1611246756850{margin-left: 20px !important;}\u00bb]<div class=\"tm-sbox tm-sbox-iconalign-left-spacing none tm-sbox-bgcolor-transparent tm-bgcolor-transparent tm-sbox-textcolor- tm-textcolor- tm-sbox-isize-md tm-sbox-isize-md tm-sbox-istyle-boxed-outline vc_custom_1642629976023 tm-sbox-heading-only reset-padding-servicebox\"><section class=\"tm-vc_cta3-container\"><div class=\"tm-vc_general tm-vc_cta3 tm-vc_cta3-align-left tm-vc_cta3-icon-size-md tm-vc_cta3-icons-left tm-vc_cta3-actions-no\"><div class=\"tm-vc_cta3-icons tm-wrap-cell\"><div class=\"tm-vc_icon_element tm-vc_icon_element-outer tm-vc_icon_element-align-left  tm-vc_icon_element-have-style\"><div class=\"tm-vc_icon_element-inner  tm-vc_icon_element-have-style-inner tm-vc_icon_element-color-white tm-vc_icon_element-size-md tm-vc_icon_element-style-boxed-outline tm-vc_icon_element-outline tm-vc_icon_element-background-color-white\" ><span class=\"tm-vc_icon_element-icon fas fa-phone-alt\" ><\/span><\/div><\/div><\/div><div class=\"tm-vc_cta3_content-container\"><div class=\"tm-vc_cta3-content\"><div class=\"tm-vc_cta3-content-header tm-wrap\"><div class=\"tm-vc_cta3-headers tm-wrap-cell\"><h2 class=\"tm-custom-heading \" >TEL\u00c9FONO<\/h2>\n<\/div><\/div><\/div><div class=\"tm-cta3-desc-btn-wrapper\"><div class=\"tm-cta3-description\"><div class=\"tm-cta3-content-wrapper\">\n<p class=\"tm-custom-heading \"><strong>514 494-1222<\/strong><\/p>\n<p><\/div><\/div><\/div><\/div><\/div><\/section><\/div>[\/vc_column][vc_column width=\u00bb2\/4&#8243;]<div class=\"tm-sbox tm-sbox-iconalign-left-spacing none tm-sbox-bgcolor-transparent tm-bgcolor-transparent tm-sbox-textcolor- tm-textcolor- tm-sbox-isize-md tm-sbox-isize-md tm-sbox-istyle-boxed-outline vc_custom_1643227064272 tm-sbox-heading-only reset-padding-servicebox\"><section class=\"tm-vc_cta3-container\"><div class=\"tm-vc_general tm-vc_cta3 tm-vc_cta3-align-left tm-vc_cta3-icon-size-md tm-vc_cta3-icons-left tm-vc_cta3-actions-no\"><div class=\"tm-vc_cta3-icons tm-wrap-cell\"><div class=\"tm-vc_icon_element tm-vc_icon_element-outer tm-vc_icon_element-align-left  tm-vc_icon_element-have-style\"><div class=\"tm-vc_icon_element-inner  tm-vc_icon_element-have-style-inner tm-vc_icon_element-color-white tm-vc_icon_element-size-md tm-vc_icon_element-style-boxed-outline tm-vc_icon_element-outline tm-vc_icon_element-background-color-white\" ><span class=\"tm-vc_icon_element-icon themifyicon ti-email\" ><\/span><\/div><\/div><\/div><div class=\"tm-vc_cta3_content-container\"><div class=\"tm-vc_cta3-content\"><div class=\"tm-vc_cta3-content-header tm-wrap\"><div class=\"tm-vc_cta3-headers tm-wrap-cell\"><h2 class=\"tm-custom-heading \" >CORREO ELECTR\u00d3NICO<\/h2>\n<\/div><\/div><\/div><div class=\"tm-cta3-desc-btn-wrapper\"><div class=\"tm-cta3-description\"><div class=\"tm-cta3-content-wrapper\"><p><strong>informacion@mudanza-economica.com<\/strong><\/p><\/div><\/div><\/div><\/div><\/div><\/section><\/div>[\/vc_column][\/vc_row][vc_row tm_bgcolor=\u00bbgrey\u00bb full_width=\u00bbstretch_row_content_no_spaces\u00bb css=\u00bb.vc_custom_1506744688072{padding-top: 0px !important;padding-bottom: 0px !important;}\u00bb][vc_column width=\u00bb1\/2&#8243; css=\u00bb.vc_custom_1506745458241{padding-top: 65px !important;padding-right: 40px !important;padding-bottom: 50px !important;padding-left: 40px !important;}\u00bb]\n<div class=\"wpcf7 no-js\" id=\"wpcf7-f4123-o1\" lang=\"es-ES\" dir=\"ltr\" data-wpcf7-id=\"4123\">\n<div class=\"screen-reader-response\"><p role=\"status\" aria-live=\"polite\" aria-atomic=\"true\"><\/p> <ul><\/ul><\/div>\n<form action=\"\/es\/wp-json\/wp\/v2\/pages\/4107#wpcf7-f4123-o1\" method=\"post\" class=\"wpcf7-form init\" aria-label=\"Formulario de contacto\" novalidate=\"novalidate\" data-status=\"init\">\n<fieldset class=\"hidden-fields-container\"><input type=\"hidden\" name=\"_wpcf7\" value=\"4123\" \/><input type=\"hidden\" name=\"_wpcf7_version\" value=\"6.1.4\" \/><input type=\"hidden\" name=\"_wpcf7_locale\" value=\"es_ES\" \/><input type=\"hidden\" name=\"_wpcf7_unit_tag\" value=\"wpcf7-f4123-o1\" \/><input type=\"hidden\" name=\"_wpcf7_container_post\" value=\"0\" \/><input type=\"hidden\" name=\"_wpcf7_posted_data_hash\" value=\"\" \/><input type=\"hidden\" name=\"_wpcf7_recaptcha_response\" value=\"\" \/>\n<\/fieldset>\n<div class=\"row\">\n\t<div class=\"col-md-12\">\n\t\t<p><label>NOMBRE*<\/label><br \/>\n<span class=\"wpcf7-form-control-wrap\" data-name=\"your_name\"><input size=\"40\" maxlength=\"400\" class=\"wpcf7-form-control wpcf7-text wpcf7-validates-as-required\" aria-required=\"true\" aria-invalid=\"false\" value=\"\" type=\"text\" name=\"your_name\" \/><\/span>\n\t\t<\/p>\n\t<\/div>\n\t<div class=\"col-md-12\">\n\t\t<p><label>CORREO ELECTR\u00d3NICO*<\/label><br \/>\n<span class=\"wpcf7-form-control-wrap\" data-name=\"your-email\"><input size=\"40\" maxlength=\"400\" class=\"wpcf7-form-control wpcf7-email wpcf7-validates-as-required wpcf7-text wpcf7-validates-as-email\" aria-required=\"true\" aria-invalid=\"false\" value=\"\" type=\"email\" name=\"your-email\" \/><\/span>\n\t\t<\/p>\n\t<\/div>\n\t<div class=\"col-md-12\">\n\t\t<p><label>TEL\u00c9FONO*<\/label><br \/>\n<span class=\"wpcf7-form-control-wrap\" data-name=\"phone\"><input size=\"40\" maxlength=\"400\" class=\"wpcf7-form-control wpcf7-text wpcf7-validates-as-required\" aria-required=\"true\" aria-invalid=\"false\" value=\"\" type=\"text\" name=\"phone\" \/><\/span>\n\t\t<\/p>\n\t<\/div>\n<\/div>\n<div class=\"row\">\n\t<div class=\"col-md-12\">\n\t\t<p><label>MENSAJE*<\/label><br \/>\n<span class=\"wpcf7-form-control-wrap\" data-name=\"message\"><textarea cols=\"20\" rows=\"5\" maxlength=\"2000\" class=\"wpcf7-form-control wpcf7-textarea wpcf7-validates-as-required\" aria-required=\"true\" aria-invalid=\"false\" name=\"message\"><\/textarea><\/span>\n\t\t<\/p>\n\t<\/div>\n<\/div>\n<div class=\"row\">\n\t<div class=\"col-md-12\">\n\t\t<p><input class=\"wpcf7-form-control wpcf7-submit has-spinner tm-vc_btn3\" type=\"submit\" value=\"ENVIAR\" \/>\n\t\t<\/p>\n\t<\/div>\n<\/div><div class=\"wpcf7-response-output\" aria-hidden=\"true\"><\/div>\n<\/form>\n<\/div>\n[\/vc_column][vc_column width=\u00bb1\/2&#8243;][vc_gmaps link=\u00bb#E-8_JTNDaWZyYW1lJTIwc3JjJTNEJTIyaHR0cHMlM0ElMkYlMkZ3d3cuZ29vZ2xlLmNvbSUyRm1hcHMlMkZlbWJlZCUzRnBiJTNEJTIxMW0xOCUyMTFtMTIlMjExbTMlMjExZDI3OTAuOTQ1OTkwMzcxMDcyNiUyMTJkLTczLjU4MTgxMTg4NDE3Njg2JTIxM2Q0NS42MTE3MjkzMzE2MDc4NyUyMTJtMyUyMTFmMCUyMTJmMCUyMTNmMCUyMTNtMiUyMTFpMTAyNCUyMTJpNzY4JTIxNGYxMy4xJTIxM20zJTIxMW0yJTIxMXMweDRjYzkxZTQ2NGJmMGQ2NWYlMjUzQTB4NmI2MWM5NjViMDM0MzcxYyUyMTJzNzcwMCUyNTIwUnVlJTI1MjBkZSUyNTIwTGFtYXJ0aW5lJTI1MkMlMjUyMEFuam91JTI1MkMlMjUyMFFDJTI1MjBIMUolMjUyMDJINiUyMTVlMCUyMTNtMiUyMTFzZnIlMjEyc2NhJTIxNHYxNjExMjQ2OTcxNDQxJTIxNW0yJTIxMXNmciUyMTJzY2ElMjIlMjB3aWR0aCUzRCUyMjYwMCUyMiUyMGhlaWdodCUzRCUyMjQ1MCUyMiUyMGZyYW1lYm9yZGVyJTNEJTIyMCUyMiUyMHN0eWxlJTNEJTIyYm9yZGVyJTNBMCUzQiUyMiUyMGFsbG93ZnVsbHNjcmVlbiUzRCUyMiUyMiUyMGFyaWEtaGlkZGVuJTNEJTIyZmFsc2UlMjIlMjB0YWJpbmRleCUzRCUyMjAlMjIlM0UlM0MlMkZpZnJhbWUlM0U=\u00bb size=\u00bb575&#8243; css=\u00bb.vc_custom_1611246989095{margin-bottom: 0px !important;}\u00bb][\/vc_column][\/vc_row][vc_row tm_bgcolor=\u00bbskincolor\u00bb full_width=\u00bbstretch_row\u00bb css=\u00bb.vc_custom_1611767867111{padding-top: 00px !important;}\u00bb][vc_column][vc_icon icon_fontawesome=\u00bbfas fa-map-marker-alt\u00bb color=\u00bbwhite\u00bb size=\u00bbxl\u00bb align=\u00bbcenter\u00bb css=\u00bb.vc_custom_1611248468323{margin-top: 40px !important;}\u00bb][vc_column_text]<\/p>\n<h2 style=\"text-align: center;\"><span style=\"color: #ffffff;\"><strong>\u00bfBUSCA UNA MUDANZA ECON\u00d3MICA A MONTR\u00c9AL?<\/strong><\/span><\/h2>\n<p style=\"text-align: center;\">Estas son las zonas en las que prestamos servicio. Somos los expertos en Montr\u00e9al.<\/p>\n<p>[\/vc_column_text][vc_btn title=\u00bbESTIMACION GRATUITA!\u00bb color=\u00bbwhite\u00bb align=\u00bbcenter\u00bb i_icon_fontawesome=\u00bbfas fa-arrow-alt-circle-right\u00bb add_icon=\u00bbtrue\u00bb css=\u00bb.vc_custom_1642879412379{margin-bottom: 40px !important;}\u00bb link=\u00bburl:https%3A%2F%2Fdemenagement-economique.com%2Fes%2Festimacion-gratuita%2F|title:ESTIMACION%20GRATUITA\u00bb][\/vc_column][\/vc_row][vc_row css=\u00bb.vc_custom_1611334365519{padding-top: 30px !important;}\u00bb][vc_column width=\u00bb1\/2&#8243;][vc_column_text]<\/p>\n<p style=\"text-align: center;\">Mudanza econ\u00f3mica en Montr\u00e9al<\/p>\n<p style=\"text-align: center;\">Mudanza econ\u00f3mica en Montr\u00e9al-Est<\/p>\n<p style=\"text-align: center;\">Mudanza econ\u00f3mica en Montr\u00e9al-Nord<\/p>\n<p style=\"text-align: center;\">Mudanza econ\u00f3mica en Montr\u00e9al-Ouest<\/p>\n<p>[\/vc_column_text][\/vc_column][vc_column width=\u00bb1\/2&#8243;][vc_column_text]<\/p>\n<p style=\"text-align: center;\">Mudanza econ\u00f3mica en Montr\u00e9al Mont-Royal<\/p>\n<p style=\"text-align: center;\">Mudanza econ\u00f3mica en Montr\u00e9al Outremont<\/p>\n<p style=\"text-align: center;\">Mudanza econ\u00f3mica en Montr\u00e9al Westmount<\/p>\n<p style=\"text-align: center;\">Mudanza econ\u00f3mica en Montr\u00e9al C\u00f4te-des-Neiges<\/p>\n<p>[\/vc_column_text][\/vc_column][\/vc_row]<\/p>\n","protected":false},"excerpt":{"rendered":"<p>[vc_row tm_textcolor=\u00bbwhite\u00bb tm_bgcolor=\u00bbdarkgrey\u00bb tm_bgimage_position=\u00bbcenter_top\u00bb full_width=\u00bbstretch_row\u00bb content_placement=\u00bbmiddle\u00bb css=\u00bb.vc_custom_1611767806096{padding-top: 120px !important;padding-bottom: 120px !important;background-image: url(https:\/\/demenagement-economique.com\/wp-content\/uploads\/2021\/01\/demenagement-nous-joindre.png?id=3217) !important;background-position: center !important;background-repeat: no-repeat !important;background-size: cover !important;}\u00bb][vc_column][vc_row_inner][vc_column_inner][vc_column_text] SOMOS LOS EXPERTOS EN MUDANZAS ECON\u00d3MICAS EN MONTR\u00c9AL \u00bfBusca una mudanza econ\u00f3mica en Montreal? Tenemos m\u00e1s de 15 a\u00f1os de experiencia en mudanzas en Montr\u00e9al. P\u00f3ngase en contacto con nosotros para encontrar una empresas de mudanzas &hellip; <a href=\"https:\/\/demenagement-economique.com\/es\/contacto\/\" class=\"more-link\">Continue reading <span class=\"screen-reader-text\">CONTACTO<\/span><\/a><\/p>\n","protected":false},"author":1,"featured_media":0,"parent":0,"menu_order":8,"comment_status":"closed","ping_status":"closed","template":"","meta":{"footnotes":""},"class_list":["post-4107","page","type-page","status-publish","hentry"],"yoast_head":"<!-- This site is optimized with the Yoast SEO Premium plugin v26.9 (Yoast SEO v27.4) - https:\/\/yoast.com\/product\/yoast-seo-premium-wordpress\/ -->\n<title>CONTACTO - D\u00e9m\u00e9nagement \u00e9conomique d\u00e9m\u00e9nagement \u00e9conomique<\/title>\n<meta name=\"description\" content=\"D\u00c9M\u00c9NAGEMENT \u00c9CONOMIQUE vous offre des prix comp\u00e9titifs, un service de qualit\u00e9 fait par une \u00e9quipe de confiance \u00e0 Montr\u00e9al.\" \/>\n<meta name=\"robots\" content=\"index, follow, max-snippet:-1, max-image-preview:large, max-video-preview:-1\" \/>\n<link rel=\"canonical\" href=\"https:\/\/demenagement-economique.com\/es\/contacto\/\" \/>\n<meta property=\"og:locale\" content=\"es_ES\" \/>\n<meta property=\"og:type\" content=\"article\" \/>\n<meta property=\"og:title\" content=\"CONTACTO\" \/>\n<meta property=\"og:description\" content=\"D\u00c9M\u00c9NAGEMENT \u00c9CONOMIQUE vous offre des prix comp\u00e9titifs, un service de qualit\u00e9 fait par une \u00e9quipe de confiance \u00e0 Montr\u00e9al.\" \/>\n<meta property=\"og:url\" content=\"https:\/\/demenagement-economique.com\/es\/contacto\/\" \/>\n<meta property=\"og:site_name\" content=\"D\u00e9m\u00e9nagement \u00e9conomique\" \/>\n<meta property=\"article:modified_time\" content=\"2022-01-26T19:58:00+00:00\" \/>\n<meta name=\"twitter:card\" content=\"summary_large_image\" \/>\n<meta name=\"twitter:label1\" content=\"Tiempo de lectura\" \/>\n\t<meta name=\"twitter:data1\" content=\"2 minutos\" \/>\n<script type=\"application\/ld+json\" class=\"yoast-schema-graph\">{\"@context\":\"https:\\\/\\\/schema.org\",\"@graph\":[{\"@type\":\"WebPage\",\"@id\":\"https:\\\/\\\/demenagement-economique.com\\\/es\\\/contacto\\\/\",\"url\":\"https:\\\/\\\/demenagement-economique.com\\\/es\\\/contacto\\\/\",\"name\":\"CONTACTO - D\u00e9m\u00e9nagement \u00e9conomique d\u00e9m\u00e9nagement \u00e9conomique\",\"isPartOf\":{\"@id\":\"https:\\\/\\\/demenagement-economique.com\\\/#website\"},\"datePublished\":\"2017-09-29T13:01:05+00:00\",\"dateModified\":\"2022-01-26T19:58:00+00:00\",\"description\":\"D\u00c9M\u00c9NAGEMENT \u00c9CONOMIQUE vous offre des prix comp\u00e9titifs, un service de qualit\u00e9 fait par une \u00e9quipe de confiance \u00e0 Montr\u00e9al.\",\"breadcrumb\":{\"@id\":\"https:\\\/\\\/demenagement-economique.com\\\/es\\\/contacto\\\/#breadcrumb\"},\"inLanguage\":\"es\",\"potentialAction\":[{\"@type\":\"ReadAction\",\"target\":[\"https:\\\/\\\/demenagement-economique.com\\\/es\\\/contacto\\\/\"]}]},{\"@type\":\"BreadcrumbList\",\"@id\":\"https:\\\/\\\/demenagement-economique.com\\\/es\\\/contacto\\\/#breadcrumb\",\"itemListElement\":[{\"@type\":\"ListItem\",\"position\":1,\"name\":\"Home\",\"item\":\"https:\\\/\\\/demenagement-economique.com\\\/\"},{\"@type\":\"ListItem\",\"position\":2,\"name\":\"CONTACTO\"}]},{\"@type\":\"WebSite\",\"@id\":\"https:\\\/\\\/demenagement-economique.com\\\/#website\",\"url\":\"https:\\\/\\\/demenagement-economique.com\\\/\",\"name\":\"D\u00e9m\u00e9nagement \u00e9conomique\",\"description\":\"D\u00e9m\u00e9nagement \u00e9conomique \u00e0 Montr\u00e9al\",\"publisher\":{\"@id\":\"https:\\\/\\\/demenagement-economique.com\\\/#organization\"},\"potentialAction\":[{\"@type\":\"SearchAction\",\"target\":{\"@type\":\"EntryPoint\",\"urlTemplate\":\"https:\\\/\\\/demenagement-economique.com\\\/?s={search_term_string}\"},\"query-input\":{\"@type\":\"PropertyValueSpecification\",\"valueRequired\":true,\"valueName\":\"search_term_string\"}}],\"inLanguage\":\"es\"},{\"@type\":\"Organization\",\"@id\":\"https:\\\/\\\/demenagement-economique.com\\\/#organization\",\"name\":\"D\u00e9m\u00e9nagement \u00e9conomique\",\"url\":\"https:\\\/\\\/demenagement-economique.com\\\/\",\"logo\":{\"@type\":\"ImageObject\",\"inLanguage\":\"es\",\"@id\":\"https:\\\/\\\/demenagement-economique.com\\\/#\\\/schema\\\/logo\\\/image\\\/\",\"url\":\"https:\\\/\\\/demenagement-economique.com\\\/wp-content\\\/uploads\\\/2021\\\/08\\\/logo_entete_demenagement_economique_united-2.png\",\"contentUrl\":\"https:\\\/\\\/demenagement-economique.com\\\/wp-content\\\/uploads\\\/2021\\\/08\\\/logo_entete_demenagement_economique_united-2.png\",\"width\":727,\"height\":153,\"caption\":\"D\u00e9m\u00e9nagement \u00e9conomique\"},\"image\":{\"@id\":\"https:\\\/\\\/demenagement-economique.com\\\/#\\\/schema\\\/logo\\\/image\\\/\"}}]}<\/script>\n<!-- \/ Yoast SEO Premium plugin. -->","yoast_head_json":{"title":"CONTACTO - D\u00e9m\u00e9nagement \u00e9conomique d\u00e9m\u00e9nagement \u00e9conomique","description":"D\u00c9M\u00c9NAGEMENT \u00c9CONOMIQUE vous offre des prix comp\u00e9titifs, un service de qualit\u00e9 fait par une \u00e9quipe de confiance \u00e0 Montr\u00e9al.","robots":{"index":"index","follow":"follow","max-snippet":"max-snippet:-1","max-image-preview":"max-image-preview:large","max-video-preview":"max-video-preview:-1"},"canonical":"https:\/\/demenagement-economique.com\/es\/contacto\/","og_locale":"es_ES","og_type":"article","og_title":"CONTACTO","og_description":"D\u00c9M\u00c9NAGEMENT \u00c9CONOMIQUE vous offre des prix comp\u00e9titifs, un service de qualit\u00e9 fait par une \u00e9quipe de confiance \u00e0 Montr\u00e9al.","og_url":"https:\/\/demenagement-economique.com\/es\/contacto\/","og_site_name":"D\u00e9m\u00e9nagement \u00e9conomique","article_modified_time":"2022-01-26T19:58:00+00:00","twitter_card":"summary_large_image","twitter_misc":{"Tiempo de lectura":"2 minutos"},"schema":{"@context":"https:\/\/schema.org","@graph":[{"@type":"WebPage","@id":"https:\/\/demenagement-economique.com\/es\/contacto\/","url":"https:\/\/demenagement-economique.com\/es\/contacto\/","name":"CONTACTO - D\u00e9m\u00e9nagement \u00e9conomique d\u00e9m\u00e9nagement \u00e9conomique","isPartOf":{"@id":"https:\/\/demenagement-economique.com\/#website"},"datePublished":"2017-09-29T13:01:05+00:00","dateModified":"2022-01-26T19:58:00+00:00","description":"D\u00c9M\u00c9NAGEMENT \u00c9CONOMIQUE vous offre des prix comp\u00e9titifs, un service de qualit\u00e9 fait par une \u00e9quipe de confiance \u00e0 Montr\u00e9al.","breadcrumb":{"@id":"https:\/\/demenagement-economique.com\/es\/contacto\/#breadcrumb"},"inLanguage":"es","potentialAction":[{"@type":"ReadAction","target":["https:\/\/demenagement-economique.com\/es\/contacto\/"]}]},{"@type":"BreadcrumbList","@id":"https:\/\/demenagement-economique.com\/es\/contacto\/#breadcrumb","itemListElement":[{"@type":"ListItem","position":1,"name":"Home","item":"https:\/\/demenagement-economique.com\/"},{"@type":"ListItem","position":2,"name":"CONTACTO"}]},{"@type":"WebSite","@id":"https:\/\/demenagement-economique.com\/#website","url":"https:\/\/demenagement-economique.com\/","name":"D\u00e9m\u00e9nagement \u00e9conomique","description":"D\u00e9m\u00e9nagement \u00e9conomique \u00e0 Montr\u00e9al","publisher":{"@id":"https:\/\/demenagement-economique.com\/#organization"},"potentialAction":[{"@type":"SearchAction","target":{"@type":"EntryPoint","urlTemplate":"https:\/\/demenagement-economique.com\/?s={search_term_string}"},"query-input":{"@type":"PropertyValueSpecification","valueRequired":true,"valueName":"search_term_string"}}],"inLanguage":"es"},{"@type":"Organization","@id":"https:\/\/demenagement-economique.com\/#organization","name":"D\u00e9m\u00e9nagement \u00e9conomique","url":"https:\/\/demenagement-economique.com\/","logo":{"@type":"ImageObject","inLanguage":"es","@id":"https:\/\/demenagement-economique.com\/#\/schema\/logo\/image\/","url":"https:\/\/demenagement-economique.com\/wp-content\/uploads\/2021\/08\/logo_entete_demenagement_economique_united-2.png","contentUrl":"https:\/\/demenagement-economique.com\/wp-content\/uploads\/2021\/08\/logo_entete_demenagement_economique_united-2.png","width":727,"height":153,"caption":"D\u00e9m\u00e9nagement \u00e9conomique"},"image":{"@id":"https:\/\/demenagement-economique.com\/#\/schema\/logo\/image\/"}}]}},"_links":{"self":[{"href":"https:\/\/demenagement-economique.com\/es\/wp-json\/wp\/v2\/pages\/4107","targetHints":{"allow":["GET"]}}],"collection":[{"href":"https:\/\/demenagement-economique.com\/es\/wp-json\/wp\/v2\/pages"}],"about":[{"href":"https:\/\/demenagement-economique.com\/es\/wp-json\/wp\/v2\/types\/page"}],"author":[{"embeddable":true,"href":"https:\/\/demenagement-economique.com\/es\/wp-json\/wp\/v2\/users\/1"}],"replies":[{"embeddable":true,"href":"https:\/\/demenagement-economique.com\/es\/wp-json\/wp\/v2\/comments?post=4107"}],"version-history":[{"count":12,"href":"https:\/\/demenagement-economique.com\/es\/wp-json\/wp\/v2\/pages\/4107\/revisions"}],"predecessor-version":[{"id":4330,"href":"https:\/\/demenagement-economique.com\/es\/wp-json\/wp\/v2\/pages\/4107\/revisions\/4330"}],"wp:attachment":[{"href":"https:\/\/demenagement-economique.com\/es\/wp-json\/wp\/v2\/media?parent=4107"}],"curies":[{"name":"wp","href":"https:\/\/api.w.org\/{rel}","templated":true}]}}