{"id":4112,"date":"2021-01-22T21:45:02","date_gmt":"2021-01-22T21:45:02","guid":{"rendered":"https:\/\/demenagement-economique.com\/emploi-demenageurs\/"},"modified":"2024-05-14T15:12:32","modified_gmt":"2024-05-14T15:12:32","slug":"empleo","status":"publish","type":"page","link":"https:\/\/demenagement-economique.com\/es\/empleo\/","title":{"rendered":"EMPLEO"},"content":{"rendered":"<p>[vc_row tm_textcolor=\u00bbwhite\u00bb tm_bgcolor=\u00bbdarkgrey\u00bb tm_bgimage_position=\u00bbcenter_top\u00bb full_width=\u00bbstretch_row\u00bb content_placement=\u00bbmiddle\u00bb css=\u00bb.vc_custom_1611767934187{margin-bottom: 100px !important;padding-top: 150px !important;padding-bottom: 150px !important;background-image: url(https:\/\/demenagement-economique.com\/wp-content\/uploads\/2021\/01\/demenagement-emploi.png?id=3214) !important;background-position: center !important;background-repeat: no-repeat !important;background-size: cover !important;}\u00bb][vc_column][vc_row_inner][vc_column_inner][vc_column_text]<\/p>\n<p style=\"text-align: center;\"><strong>NOUS SOMMES \u00c0 LA RECHERCHE DE D\u00c9M\u00c9NAGEURS \u00c0 MONTR\u00c9AL<\/strong><\/p>\n<h1 style=\"text-align: center;\"><strong>D\u00c9M\u00c9NAGEMENT \u00c9CONOMIQUE a besoin de vous pour faire partie de son \u00e9quipe de d\u00e9m\u00e9nageurs \u00e0 Montr\u00e9al et de chauffeurs.<\/strong><\/h1>\n<h5 style=\"text-align: center;\"><strong>Tu recherches un nouveau d\u00e9fi et tu d\u00e9sires travailler dans le domaine du d\u00e9m\u00e9nagement et dans un environnement motivant et familial.<\/strong><\/h5>\n<h5 style=\"text-align: center;\"><strong>On a ce qu\u2019il faut pour toi!<\/strong><\/h5>\n<p>[\/vc_column_text][vc_btn title=\u00bbJOINDRE VOTRE CV\u00bb color=\u00bbblack\u00bb align=\u00bbcenter\u00bb i_icon_fontawesome=\u00bbfas fa-arrow-alt-circle-right\u00bb add_icon=\u00bbtrue\u00bb link=\u00bburl:%23emploi|\u00bb][\/vc_column_inner][\/vc_row_inner][\/vc_column][\/vc_row][vc_section][vc_row][vc_column width=\u00bb1\/3&#8243;][vc_single_image image=\u00bb3513&#8243; img_size=\u00bbfull\u00bb css=\u00bb.vc_custom_1611768020579{margin-bottom: 40px !important;}\u00bb][vc_single_image image=\u00bb3469&#8243; img_size=\u00bbmedium\u00bb alignment=\u00bbcenter\u00bb onclick=\u00bbcustom_link\u00bb img_link_target=\u00bb_blank\u00bb css=\u00bb.vc_custom_1611780883645{margin-top: 40px !important;}\u00bb link=\u00bbhttps:%2F%2Fuvl.ca%2Ffr|\u00bb][vc_single_image image=\u00bb3467&#8243; img_size=\u00bbfull\u00bb alignment=\u00bbcenter\u00bb onclick=\u00bbcustom_link\u00bb img_link_target=\u00bb_blank\u00bb link=\u00bbhttps:%2F%2Fuvl.ca%2Ffr%2Fnotre-histoire%2Fles-entreprises-les-mieux-gerees|\u00bb][vc_single_image image=\u00bb3463&#8243; img_size=\u00bbfull\u00bb alignment=\u00bbcenter\u00bb onclick=\u00bbcustom_link\u00bb img_link_target=\u00bb_blank\u00bb css=\u00bb.vc_custom_1715699547697{margin-top: 40px !important;}\u00bb link=\u00bbhttps:\/\/www.airmiles.ca\/en.html\u00bb][\/vc_column][vc_column width=\u00bb2\/3&#8243;][vc_column_text]<\/p>\n<h2>Vous d\u00e9sirez avoir un emploi en tant que d\u00e9m\u00e9nageurs? D\u00c9M\u00c9NAGEMENT \u00c9CONOMIQUE a plusieurs postes de disponibles dans le domaine du d\u00e9m\u00e9nagement \u00e0 Montr\u00e9al.<\/h2>\n<p>Nous sommes D\u00c9M\u00c9NAGEMENT \u00c9CONOMIQUE, une entreprise en pleine ascension et nous sommes \u00e0 la recherche de chauffeurs\/d\u00e9m\u00e9nageurs talentueux.<\/p>\n<p><strong>Voici les postes recherch\u00e9s :<\/strong><br \/>\n<strong>\u2022 Chauffeurs d\u00e9m\u00e9nageurs classe 3<\/strong><br \/>\n<strong>\u2022 Chauffeurs d\u00e9m\u00e9nageurs classe 5<\/strong><br \/>\n<strong>\u2022 Aide-d\u00e9m\u00e9nageurs<\/strong><br \/>\n<strong>\u2022 Installateurs sp\u00e9cialis\u00e9s<\/strong><br \/>\n<strong>\u2022 R\u00e9partiteur<\/strong><\/p>\n<p><strong>Le candidat(e) devra poss\u00e9der les atouts suivants :<\/strong><br \/>\n\u2022 Permis de conduire valide est obligatoire;<br \/>\n\u2022 \u00catre responsable, autonome et honn\u00eate;<br \/>\n\u2022 Poss\u00e9der au moins deux ans d\u2019exp\u00e9rience comme d\u00e9m\u00e9nageur et\/ou emballeur;<br \/>\n\u2022 Aptitude \u00e0 travailler en \u00e9quipe et \u00e0 communiquer.[\/vc_column_text][vc_row_inner el_id=\u00bbemploi\u00bb][vc_column_inner][vc_column_text]<\/p>\n<h3>Si vous d\u00e9sirez postuler pour un des postes disponibles, soit d\u00e9m\u00e9nageurs, chauffeurs, installateurs SVP choisir un des modes de communication suivants :<\/h3>\n<h6><strong>Soumettez-nous ici votre CV et nous communiquerons avec vous sous peu<\/strong><\/h6>\n<p>[\/vc_column_text]\n<div class=\"wpcf7 no-js\" id=\"wpcf7-f4122-o1\" lang=\"es-ES\" dir=\"ltr\" data-wpcf7-id=\"4122\">\n<div class=\"screen-reader-response\"><p role=\"status\" aria-live=\"polite\" aria-atomic=\"true\"><\/p> <ul><\/ul><\/div>\n<form action=\"\/es\/wp-json\/wp\/v2\/pages\/4112#wpcf7-f4122-o1\" method=\"post\" class=\"wpcf7-form init\" aria-label=\"Formulario de contacto\" enctype=\"multipart\/form-data\" novalidate=\"novalidate\" data-status=\"init\">\n<fieldset class=\"hidden-fields-container\"><input type=\"hidden\" name=\"_wpcf7\" value=\"4122\" \/><input type=\"hidden\" name=\"_wpcf7_version\" value=\"6.1.4\" \/><input type=\"hidden\" name=\"_wpcf7_locale\" value=\"es_ES\" \/><input type=\"hidden\" name=\"_wpcf7_unit_tag\" value=\"wpcf7-f4122-o1\" \/><input type=\"hidden\" name=\"_wpcf7_container_post\" value=\"0\" \/><input type=\"hidden\" name=\"_wpcf7_posted_data_hash\" value=\"\" \/><input type=\"hidden\" name=\"_wpcf7_recaptcha_response\" value=\"\" \/>\n<\/fieldset>\n<div class=\"row\">\n\t<div class=\"col-md-12\">\n\t\t<p><label>NOMBRE*<\/label><br \/>\n<span class=\"wpcf7-form-control-wrap\" data-name=\"your_name\"><input size=\"40\" maxlength=\"400\" class=\"wpcf7-form-control wpcf7-text wpcf7-validates-as-required\" aria-required=\"true\" aria-invalid=\"false\" value=\"\" type=\"text\" name=\"your_name\" \/><\/span>\n\t\t<\/p>\n\t<\/div>\n\t<div class=\"col-md-12\">\n\t\t<p><label>CORREO ELECTR\u00d3NICO*<\/label><br \/>\n<span class=\"wpcf7-form-control-wrap\" data-name=\"your-email\"><input size=\"40\" maxlength=\"400\" class=\"wpcf7-form-control wpcf7-email wpcf7-validates-as-required wpcf7-text wpcf7-validates-as-email\" aria-required=\"true\" aria-invalid=\"false\" value=\"\" type=\"email\" name=\"your-email\" \/><\/span>\n\t\t<\/p>\n\t<\/div>\n\t<div class=\"col-md-12\">\n\t\t<p><label>TEL\u00c9FONO*<\/label><br \/>\n<span class=\"wpcf7-form-control-wrap\" data-name=\"phone\"><input size=\"40\" maxlength=\"400\" class=\"wpcf7-form-control wpcf7-text wpcf7-validates-as-required\" aria-required=\"true\" aria-invalid=\"false\" value=\"\" type=\"text\" name=\"phone\" \/><\/span>\n\t\t<\/p>\n\t<\/div>\n<\/div>\n<div class=\"row\">\n\t<div class=\"col-md-12\">\n\t\t<p><label>MENSAJE*<\/label><br \/>\n<span class=\"wpcf7-form-control-wrap\" data-name=\"message\"><textarea cols=\"20\" rows=\"5\" maxlength=\"2000\" class=\"wpcf7-form-control wpcf7-textarea wpcf7-validates-as-required\" aria-required=\"true\" aria-invalid=\"false\" name=\"message\"><\/textarea><\/span>\n\t\t<\/p>\n\t<\/div>\n<\/div>\n<div class=\"row\">\n\t<div class=\"col-md-12\">\n\t\t<p><label>ADJUNTE SU HOJA DE VIDA<\/label><br \/>\n<span class=\"wpcf7-form-control-wrap\" data-name=\"file-149\"><input size=\"40\" class=\"wpcf7-form-control wpcf7-file\" accept=\"audio\/*,video\/*,image\/*\" aria-invalid=\"false\" type=\"file\" name=\"file-149\" \/><\/span>\n\t\t<\/p>\n\t<\/div>\n<\/div>\n<div class=\"row\">\n\t<div class=\"col-md-12\">\n\t\t<p><input class=\"wpcf7-form-control wpcf7-submit has-spinner tm-vc_btn3\" type=\"submit\" value=\"ENVIAR\" \/>\n\t\t<\/p>\n\t<\/div>\n<\/div><div class=\"wpcf7-response-output\" aria-hidden=\"true\"><\/div>\n<\/form>\n<\/div>\n[\/vc_column_inner][\/vc_row_inner][\/vc_column][\/vc_row][\/vc_section][vc_section][vc_row tm_bgcolor=\u00bbskincolor\u00bb full_width=\u00bbstretch_row\u00bb css=\u00bb.vc_custom_1611841479116{margin-top: 20px !important;padding-top: 60px !important;}\u00bb][vc_column]<div class=\"tm-element-heading-wrapper tm-heading-inner tm-element-align-center tm-seperator-none tm-heading-style-vertical  vc_custom_1611417724255\"><section class=\"tm-vc_cta3-container\"><div class=\"tm-vc_general tm-vc_cta3 tm-cta3-only tm-vc_cta3-style-classic tm-vc_cta3-shape-rounded tm-vc_cta3-align-center tm-vc_cta3-color-transparent tm-vc_cta3-icon-size-md tm-vc_cta3-actions-no vc_custom_1611417724255 tm-cta3-with-desc\"><div class=\"tm-vc_cta3_content-container\"><div class=\"tm-vc_cta3-content\"><header class=\"tm-vc_cta3-content-header tm-wrap\"><div class=\"tm-vc_cta3-headers tm-wrap-cell\"><h2 class=\"tm-custom-heading \" >LES AVANTAGES DE CHOISIR D\u00c9M\u00c9NAGEMENT \u00c9CONOMIQUE \u00c0 MONTR\u00c9AL POUR TRAVAILLER EN TANT QUE D\u00c9M\u00c9NAGEUR OU CHAUFFEUR-D\u00c9M\u00c9NAGEUR?<\/h2>\n<\/div><div class=\"heading-seperator\"><span><\/span><\/div><\/header><div class=\"tm-cta3-content-wrapper\">\n<p style=\"text-align: center;\"><strong>Nous offrons plusieurs postes dans le domaine du d\u00e9m\u00e9nagement. Nous sommes en plein essor et avons 15 ans d&#8217;exp\u00e9rience dans le domaine. N&#8217;attendez plus envoyez nous votre CV maintenant et faite partie d&#8217;une belle \u00e9quipe!<\/strong><\/p>\n<p><\/div><\/div><\/div><\/div><\/section><\/div> <!-- .tm-element-heading-wrapper container --> <style>.vc_custom_1611417724255{margin-bottom: 0px !important;}<\/style>[\/vc_column][\/vc_row][vc_row tm_bgcolor=\u00bbskincolor\u00bb full_width=\u00bbstretch_row\u00bb css=\u00bb.vc_custom_1611333903688{margin-bottom: 80px !important;padding-bottom: 15px !important;}\u00bb][vc_column][vc_btn title=\u00bbENVOYER VOTRE CV MAINTENANT! N&#8217;ATTENDEZ PLUS!\u00bb color=\u00bbwhite\u00bb align=\u00bbcenter\u00bb i_icon_fontawesome=\u00bbfas fa-arrow-alt-circle-right\u00bb add_icon=\u00bbtrue\u00bb link=\u00bburl:https%3A%2F%2Fdemenagement-economique.com%2Fes%2Femploi-demenageurs%2F%23emploi|\u00bb][\/vc_column][\/vc_row][\/vc_section]<\/p>\n","protected":false},"excerpt":{"rendered":"<p>[vc_row tm_textcolor=\u00bbwhite\u00bb tm_bgcolor=\u00bbdarkgrey\u00bb tm_bgimage_position=\u00bbcenter_top\u00bb full_width=\u00bbstretch_row\u00bb content_placement=\u00bbmiddle\u00bb css=\u00bb.vc_custom_1611767934187{margin-bottom: 100px !important;padding-top: 150px !important;padding-bottom: 150px !important;background-image: url(https:\/\/demenagement-economique.com\/wp-content\/uploads\/2021\/01\/demenagement-emploi.png?id=3214) !important;background-position: center !important;background-repeat: no-repeat !important;background-size: cover !important;}\u00bb][vc_column][vc_row_inner][vc_column_inner][vc_column_text] NOUS SOMMES \u00c0 LA RECHERCHE DE D\u00c9M\u00c9NAGEURS \u00c0 MONTR\u00c9AL D\u00c9M\u00c9NAGEMENT \u00c9CONOMIQUE a besoin de vous pour faire partie de son \u00e9quipe de d\u00e9m\u00e9nageurs \u00e0 Montr\u00e9al et de chauffeurs. Tu recherches un nouveau d\u00e9fi et &hellip; <a href=\"https:\/\/demenagement-economique.com\/es\/empleo\/\" class=\"more-link\">Continue reading <span class=\"screen-reader-text\">EMPLEO<\/span><\/a><\/p>\n","protected":false},"author":2,"featured_media":0,"parent":0,"menu_order":6,"comment_status":"closed","ping_status":"closed","template":"","meta":{"footnotes":""},"class_list":["post-4112","page","type-page","status-publish","hentry"],"yoast_head":"<!-- This site is optimized with the Yoast SEO Premium plugin v26.9 (Yoast SEO v27.5) - https:\/\/yoast.com\/product\/yoast-seo-premium-wordpress\/ -->\n<title>EMPLEO - D\u00e9m\u00e9nagement \u00e9conomique : D\u00e9m\u00e9nageurs \u00e0 Montr\u00e9al<\/title>\n<meta name=\"description\" content=\"D\u00e9m\u00e9nageurs \u00e0 Montr\u00e9al recherchez! D\u00e9m\u00e9nagement \u00e9conomique offre des emplois de d\u00e9m\u00e9nageurs et chauffeurs \u00e0 Montr\u00e9al.\" \/>\n<meta name=\"robots\" content=\"index, follow, max-snippet:-1, max-image-preview:large, max-video-preview:-1\" \/>\n<link rel=\"canonical\" href=\"https:\/\/demenagement-economique.com\/es\/empleo\/\" \/>\n<meta property=\"og:locale\" content=\"es_ES\" \/>\n<meta property=\"og:type\" content=\"article\" \/>\n<meta property=\"og:title\" content=\"EMPLEO\" \/>\n<meta property=\"og:description\" content=\"D\u00e9m\u00e9nageurs \u00e0 Montr\u00e9al recherchez! D\u00e9m\u00e9nagement \u00e9conomique offre des emplois de d\u00e9m\u00e9nageurs et chauffeurs \u00e0 Montr\u00e9al.\" \/>\n<meta property=\"og:url\" content=\"https:\/\/demenagement-economique.com\/es\/empleo\/\" \/>\n<meta property=\"og:site_name\" content=\"D\u00e9m\u00e9nagement \u00e9conomique\" \/>\n<meta property=\"article:modified_time\" content=\"2024-05-14T15:12:32+00:00\" \/>\n<meta name=\"twitter:card\" content=\"summary_large_image\" \/>\n<meta name=\"twitter:label1\" content=\"Tiempo de lectura\" \/>\n\t<meta name=\"twitter:data1\" content=\"2 minutos\" \/>\n<script type=\"application\/ld+json\" class=\"yoast-schema-graph\">{\"@context\":\"https:\\\/\\\/schema.org\",\"@graph\":[{\"@type\":\"WebPage\",\"@id\":\"https:\\\/\\\/demenagement-economique.com\\\/es\\\/empleo\\\/\",\"url\":\"https:\\\/\\\/demenagement-economique.com\\\/es\\\/empleo\\\/\",\"name\":\"EMPLEO - D\u00e9m\u00e9nagement \u00e9conomique : D\u00e9m\u00e9nageurs \u00e0 Montr\u00e9al\",\"isPartOf\":{\"@id\":\"https:\\\/\\\/demenagement-economique.com\\\/#website\"},\"datePublished\":\"2021-01-22T21:45:02+00:00\",\"dateModified\":\"2024-05-14T15:12:32+00:00\",\"description\":\"D\u00e9m\u00e9nageurs \u00e0 Montr\u00e9al recherchez! D\u00e9m\u00e9nagement \u00e9conomique offre des emplois de d\u00e9m\u00e9nageurs et chauffeurs \u00e0 Montr\u00e9al.\",\"breadcrumb\":{\"@id\":\"https:\\\/\\\/demenagement-economique.com\\\/es\\\/empleo\\\/#breadcrumb\"},\"inLanguage\":\"es\",\"potentialAction\":[{\"@type\":\"ReadAction\",\"target\":[\"https:\\\/\\\/demenagement-economique.com\\\/es\\\/empleo\\\/\"]}]},{\"@type\":\"BreadcrumbList\",\"@id\":\"https:\\\/\\\/demenagement-economique.com\\\/es\\\/empleo\\\/#breadcrumb\",\"itemListElement\":[{\"@type\":\"ListItem\",\"position\":1,\"name\":\"Home\",\"item\":\"https:\\\/\\\/demenagement-economique.com\\\/\"},{\"@type\":\"ListItem\",\"position\":2,\"name\":\"EMPLEO\"}]},{\"@type\":\"WebSite\",\"@id\":\"https:\\\/\\\/demenagement-economique.com\\\/#website\",\"url\":\"https:\\\/\\\/demenagement-economique.com\\\/\",\"name\":\"D\u00e9m\u00e9nagement \u00e9conomique\",\"description\":\"D\u00e9m\u00e9nagement \u00e9conomique \u00e0 Montr\u00e9al\",\"publisher\":{\"@id\":\"https:\\\/\\\/demenagement-economique.com\\\/#organization\"},\"potentialAction\":[{\"@type\":\"SearchAction\",\"target\":{\"@type\":\"EntryPoint\",\"urlTemplate\":\"https:\\\/\\\/demenagement-economique.com\\\/?s={search_term_string}\"},\"query-input\":{\"@type\":\"PropertyValueSpecification\",\"valueRequired\":true,\"valueName\":\"search_term_string\"}}],\"inLanguage\":\"es\"},{\"@type\":\"Organization\",\"@id\":\"https:\\\/\\\/demenagement-economique.com\\\/#organization\",\"name\":\"D\u00e9m\u00e9nagement \u00e9conomique\",\"url\":\"https:\\\/\\\/demenagement-economique.com\\\/\",\"logo\":{\"@type\":\"ImageObject\",\"inLanguage\":\"es\",\"@id\":\"https:\\\/\\\/demenagement-economique.com\\\/#\\\/schema\\\/logo\\\/image\\\/\",\"url\":\"https:\\\/\\\/demenagement-economique.com\\\/wp-content\\\/uploads\\\/2021\\\/08\\\/logo_entete_demenagement_economique_united-2.png\",\"contentUrl\":\"https:\\\/\\\/demenagement-economique.com\\\/wp-content\\\/uploads\\\/2021\\\/08\\\/logo_entete_demenagement_economique_united-2.png\",\"width\":727,\"height\":153,\"caption\":\"D\u00e9m\u00e9nagement \u00e9conomique\"},\"image\":{\"@id\":\"https:\\\/\\\/demenagement-economique.com\\\/#\\\/schema\\\/logo\\\/image\\\/\"}}]}<\/script>\n<!-- \/ Yoast SEO Premium plugin. -->","yoast_head_json":{"title":"EMPLEO - D\u00e9m\u00e9nagement \u00e9conomique : D\u00e9m\u00e9nageurs \u00e0 Montr\u00e9al","description":"D\u00e9m\u00e9nageurs \u00e0 Montr\u00e9al recherchez! D\u00e9m\u00e9nagement \u00e9conomique offre des emplois de d\u00e9m\u00e9nageurs et chauffeurs \u00e0 Montr\u00e9al.","robots":{"index":"index","follow":"follow","max-snippet":"max-snippet:-1","max-image-preview":"max-image-preview:large","max-video-preview":"max-video-preview:-1"},"canonical":"https:\/\/demenagement-economique.com\/es\/empleo\/","og_locale":"es_ES","og_type":"article","og_title":"EMPLEO","og_description":"D\u00e9m\u00e9nageurs \u00e0 Montr\u00e9al recherchez! D\u00e9m\u00e9nagement \u00e9conomique offre des emplois de d\u00e9m\u00e9nageurs et chauffeurs \u00e0 Montr\u00e9al.","og_url":"https:\/\/demenagement-economique.com\/es\/empleo\/","og_site_name":"D\u00e9m\u00e9nagement \u00e9conomique","article_modified_time":"2024-05-14T15:12:32+00:00","twitter_card":"summary_large_image","twitter_misc":{"Tiempo de lectura":"2 minutos"},"schema":{"@context":"https:\/\/schema.org","@graph":[{"@type":"WebPage","@id":"https:\/\/demenagement-economique.com\/es\/empleo\/","url":"https:\/\/demenagement-economique.com\/es\/empleo\/","name":"EMPLEO - D\u00e9m\u00e9nagement \u00e9conomique : D\u00e9m\u00e9nageurs \u00e0 Montr\u00e9al","isPartOf":{"@id":"https:\/\/demenagement-economique.com\/#website"},"datePublished":"2021-01-22T21:45:02+00:00","dateModified":"2024-05-14T15:12:32+00:00","description":"D\u00e9m\u00e9nageurs \u00e0 Montr\u00e9al recherchez! D\u00e9m\u00e9nagement \u00e9conomique offre des emplois de d\u00e9m\u00e9nageurs et chauffeurs \u00e0 Montr\u00e9al.","breadcrumb":{"@id":"https:\/\/demenagement-economique.com\/es\/empleo\/#breadcrumb"},"inLanguage":"es","potentialAction":[{"@type":"ReadAction","target":["https:\/\/demenagement-economique.com\/es\/empleo\/"]}]},{"@type":"BreadcrumbList","@id":"https:\/\/demenagement-economique.com\/es\/empleo\/#breadcrumb","itemListElement":[{"@type":"ListItem","position":1,"name":"Home","item":"https:\/\/demenagement-economique.com\/"},{"@type":"ListItem","position":2,"name":"EMPLEO"}]},{"@type":"WebSite","@id":"https:\/\/demenagement-economique.com\/#website","url":"https:\/\/demenagement-economique.com\/","name":"D\u00e9m\u00e9nagement \u00e9conomique","description":"D\u00e9m\u00e9nagement \u00e9conomique \u00e0 Montr\u00e9al","publisher":{"@id":"https:\/\/demenagement-economique.com\/#organization"},"potentialAction":[{"@type":"SearchAction","target":{"@type":"EntryPoint","urlTemplate":"https:\/\/demenagement-economique.com\/?s={search_term_string}"},"query-input":{"@type":"PropertyValueSpecification","valueRequired":true,"valueName":"search_term_string"}}],"inLanguage":"es"},{"@type":"Organization","@id":"https:\/\/demenagement-economique.com\/#organization","name":"D\u00e9m\u00e9nagement \u00e9conomique","url":"https:\/\/demenagement-economique.com\/","logo":{"@type":"ImageObject","inLanguage":"es","@id":"https:\/\/demenagement-economique.com\/#\/schema\/logo\/image\/","url":"https:\/\/demenagement-economique.com\/wp-content\/uploads\/2021\/08\/logo_entete_demenagement_economique_united-2.png","contentUrl":"https:\/\/demenagement-economique.com\/wp-content\/uploads\/2021\/08\/logo_entete_demenagement_economique_united-2.png","width":727,"height":153,"caption":"D\u00e9m\u00e9nagement \u00e9conomique"},"image":{"@id":"https:\/\/demenagement-economique.com\/#\/schema\/logo\/image\/"}}]}},"_links":{"self":[{"href":"https:\/\/demenagement-economique.com\/es\/wp-json\/wp\/v2\/pages\/4112","targetHints":{"allow":["GET"]}}],"collection":[{"href":"https:\/\/demenagement-economique.com\/es\/wp-json\/wp\/v2\/pages"}],"about":[{"href":"https:\/\/demenagement-economique.com\/es\/wp-json\/wp\/v2\/types\/page"}],"author":[{"embeddable":true,"href":"https:\/\/demenagement-economique.com\/es\/wp-json\/wp\/v2\/users\/2"}],"replies":[{"embeddable":true,"href":"https:\/\/demenagement-economique.com\/es\/wp-json\/wp\/v2\/comments?post=4112"}],"version-history":[{"count":18,"href":"https:\/\/demenagement-economique.com\/es\/wp-json\/wp\/v2\/pages\/4112\/revisions"}],"predecessor-version":[{"id":4564,"href":"https:\/\/demenagement-economique.com\/es\/wp-json\/wp\/v2\/pages\/4112\/revisions\/4564"}],"wp:attachment":[{"href":"https:\/\/demenagement-economique.com\/es\/wp-json\/wp\/v2\/media?parent=4112"}],"curies":[{"name":"wp","href":"https:\/\/api.w.org\/{rel}","templated":true}]}}