{"id":4189,"date":"2021-01-25T18:12:05","date_gmt":"2021-01-25T18:12:05","guid":{"rendered":"https:\/\/demenagement-economique.com\/soumission\/"},"modified":"2022-01-22T15:54:02","modified_gmt":"2022-01-22T15:54:02","slug":"estimacion-gratuita","status":"publish","type":"page","link":"https:\/\/demenagement-economique.com\/es\/estimacion-gratuita\/","title":{"rendered":"ESTIMACION GRATUITA"},"content":{"rendered":"<p>[vc_row tm_textcolor=\u00bbwhite\u00bb tm_bgcolor=\u00bbdarkgrey\u00bb tm_bgimage_position=\u00bbcenter_top\u00bb full_width=\u00bbstretch_row\u00bb content_placement=\u00bbmiddle\u00bb css=\u00bb.vc_custom_1611775847452{margin-bottom: 100px !important;padding-top: 150px !important;padding-bottom: 150px !important;background-image: url(https:\/\/demenagement-economique.com\/wp-content\/uploads\/2021\/01\/estimation-gratuite-demenagement.png?id=3251) !important;background-position: center !important;background-repeat: no-repeat !important;background-size: cover !important;}\u00bb][vc_column][vc_row_inner][vc_column_inner][vc_column_text]<\/p>\n<p style=\"text-align: center;\"><strong>\u00a1SOMOS LOS EXPERTOS EN MUDANZAS Y OFRECEMOS UNA ESTIMACION GRATUITA!<\/strong><\/p>\n<h1 style=\"text-align: center;\"><strong>\u00a1Necesita una estimacion gratuita para su mudanza en Mudanza economica!<\/strong><\/h1>\n<p style=\"text-align: center;\"><strong>CONF\u00cdE EN EMPRESAS DE MUDANZAS CON M\u00c1S DE 15 A\u00d1OS DE EXPERIENCIA. UN EQUIPO PROFESIONAL A PRECIOS MUY COMPETITIVOS. MUDANZAS RESIDENCIALES, COMERCIALES, INTERNACIONALES Y DE LARGA DISTANCIA.<\/strong><\/p>\n<p>[\/vc_column_text][\/vc_column_inner][\/vc_row_inner][\/vc_column][\/vc_row][vc_row tm_bgcolor=\u00bbgrey\u00bb full_width=\u00bbstretch_row\u00bb css=\u00bb.vc_custom_1611775571425{margin-top: -20px !important;}\u00bb][vc_column][vc_column_text css=\u00bb.vc_custom_1642860915286{margin-top: -10px !important;}\u00bb]<\/p>\n<h2 style=\"text-align: center;\"><strong>HAGA CLIC AQU\u00cd PARA OBTENER UNA ESTIMACION gratuita PARA SU MUDANZA. POR FAVOR, ramplir \u00a0EL SIGUIENTE FORMULARIO. \u00a1GRACIAS!<\/strong><\/h2>\n<p>[\/vc_column_text][vc_icon icon_fontawesome=\u00bbfas fa-arrow-alt-circle-down\u00bb color=\u00bbwhite\u00bb background_style=\u00bbboxed\u00bb background_color=\u00bbblack\u00bb size=\u00bbxl\u00bb align=\u00bbcenter\u00bb][\/vc_column][\/vc_row][vc_section][vc_row full_width=\u00bbstretch_row\u00bb css=\u00bb.vc_custom_1611775600698{margin-top: 10px !important;}\u00bb][vc_column][vc_column_text]\n<div class=\"wpcf7 no-js\" id=\"wpcf7-f4124-o1\" lang=\"es-ES\" dir=\"ltr\" data-wpcf7-id=\"4124\">\n<div class=\"screen-reader-response\"><p role=\"status\" aria-live=\"polite\" aria-atomic=\"true\"><\/p> <ul><\/ul><\/div>\n<form action=\"\/es\/wp-json\/wp\/v2\/pages\/4189#wpcf7-f4124-o1\" method=\"post\" class=\"wpcf7-form init\" aria-label=\"Formulario de contacto\" novalidate=\"novalidate\" data-status=\"init\">\n<fieldset class=\"hidden-fields-container\"><input type=\"hidden\" name=\"_wpcf7\" value=\"4124\" \/><input type=\"hidden\" name=\"_wpcf7_version\" value=\"6.1.4\" \/><input type=\"hidden\" name=\"_wpcf7_locale\" value=\"es_ES\" \/><input type=\"hidden\" name=\"_wpcf7_unit_tag\" value=\"wpcf7-f4124-o1\" \/><input type=\"hidden\" name=\"_wpcf7_container_post\" value=\"0\" \/><input type=\"hidden\" name=\"_wpcf7_posted_data_hash\" value=\"\" \/><input type=\"hidden\" name=\"_wpcf7_recaptcha_response\" value=\"\" \/>\n<\/fieldset>\n<div class=\"row cg10\">\n\t<div class=\"col-md-12\">\n\t\t<p><label>TIPO DE TRASLADO:<\/label><br \/>\n<span class=\"wpcf7-form-control-wrap\" data-name=\"typededemenagement\"><select class=\"wpcf7-form-control wpcf7-select\" aria-invalid=\"false\" name=\"typededemenagement\"><option value=\"Mudanza residencial\">Mudanza residencial<\/option><option value=\"Mudanza comercial\">Mudanza comercial<\/option><option value=\"Mudanza larga distancia\">Mudanza larga distancia<\/option><option value=\"Mudanza ultramar\">Mudanza ultramar<\/option><option value=\"Instalati\u00f3n de muebles\">Instalati\u00f3n de muebles<\/option><option value=\"Almacenamiento\">Almacenamiento<\/option><option value=\"Otro\">Otro<\/option><\/select><\/span>\n\t\t<\/p>\n\t<\/div>\n\t<div class=\"col-md-12\">\n\t\t<p><label for=\"moving-from\">DIRECCI\u00d3N DE SALIDA:<\/label><br \/>\n<span class=\"wpcf7-form-control-wrap\" data-name=\"moving-from-adresse\"><input size=\"40\" maxlength=\"400\" class=\"wpcf7-form-control wpcf7-text wpcf7-validates-as-required\" aria-required=\"true\" aria-invalid=\"false\" placeholder=\"DIRECCI\u00d3N\" value=\"\" type=\"text\" name=\"moving-from-adresse\" \/><\/span><br \/>\n<span class=\"wpcf7-form-control-wrap\" data-name=\"moving-from-suite\"><input size=\"40\" maxlength=\"400\" class=\"wpcf7-form-control wpcf7-text\" aria-invalid=\"false\" placeholder=\"OFICINA\" value=\"\" type=\"text\" name=\"moving-from-suite\" \/><\/span><br \/>\n<span class=\"wpcf7-form-control-wrap\" data-name=\"moving-from-ville\"><input size=\"40\" maxlength=\"400\" class=\"wpcf7-form-control wpcf7-text wpcf7-validates-as-required\" aria-required=\"true\" aria-invalid=\"false\" placeholder=\"CIUDAD\" value=\"\" type=\"text\" name=\"moving-from-ville\" \/><\/span><br \/>\n<span class=\"wpcf7-form-control-wrap\" data-name=\"moving-from-code-postal\"><input size=\"40\" maxlength=\"400\" class=\"wpcf7-form-control wpcf7-text wpcf7-validates-as-required\" aria-required=\"true\" aria-invalid=\"false\" placeholder=\"C\u00d3DIGO POSTAL\" value=\"\" type=\"text\" name=\"moving-from-code-postal\" \/><\/span>\n\t\t<\/p>\n\t<\/div>\n\t<div class=\"col-md-6\">\n\t\t<p><label for=\"from-piece-numbers\">N\u00daMERO DE HABITACIONES:<\/label><br \/>\n<span class=\"wpcf7-form-control-wrap\" data-name=\"from-room-numbers\"><input class=\"wpcf7-form-control wpcf7-number wpcf7-validates-as-required wpcf7-validates-as-number\" aria-required=\"true\" aria-invalid=\"false\" placeholder=\"4\" value=\"\" type=\"number\" name=\"from-room-numbers\" \/><\/span>\n\t\t<\/p>\n\t<\/div>\n\t<div class=\"col-md-6\">\n\t\t<p><label for=\"from-room-numbers\">N\u00daMERO DE PISOS:<\/label><br \/>\n<span class=\"wpcf7-form-control-wrap\" data-name=\"from-nbr-etage\"><input class=\"wpcf7-form-control wpcf7-number wpcf7-validates-as-required wpcf7-validates-as-number\" aria-required=\"true\" aria-invalid=\"false\" placeholder=\"2\" value=\"\" type=\"number\" name=\"from-nbr-etage\" \/><\/span>\n\t\t<\/p>\n\t<\/div>\n\t<div class=\"col-md-6\">\n\t\t<p><label for=\"from-ascenceur\">ASCENSOR:<\/label><br \/>\n<span class=\"wpcf7-form-control-wrap\" data-name=\"from-ascenseur\"><span class=\"wpcf7-form-control wpcf7-radio\"><span class=\"wpcf7-list-item first\"><input type=\"radio\" name=\"from-ascenseur\" value=\"Si\" checked=\"checked\" \/><span class=\"wpcf7-list-item-label\">Si<\/span><\/span><span class=\"wpcf7-list-item last\"><input type=\"radio\" name=\"from-ascenseur\" value=\"No\" \/><span class=\"wpcf7-list-item-label\">No<\/span><\/span><\/span><\/span>\n\t\t<\/p>\n\t<\/div>\n\t<div class=\"col-md-6\">\n\t\t<p><label for=\"from-stationnement\">ESTACIONAMIENTO:<\/label><br \/>\n<span class=\"wpcf7-form-control-wrap\" data-name=\"from-stationnement\"><span class=\"wpcf7-form-control wpcf7-radio\"><span class=\"wpcf7-list-item first\"><input type=\"radio\" name=\"from-stationnement\" value=\"Si\" checked=\"checked\" \/><span class=\"wpcf7-list-item-label\">Si<\/span><\/span><span class=\"wpcf7-list-item last\"><input type=\"radio\" name=\"from-stationnement\" value=\"No\" \/><span class=\"wpcf7-list-item-label\">No<\/span><\/span><\/span><\/span>\n\t\t<\/p>\n\t<\/div>\n\t<div class=\"col-md-12\">\n\t\t<p><label for=\"moving-to\">DIRECCI\u00d3N DE LLEGADA:<\/label><br \/>\n<span class=\"wpcf7-form-control-wrap\" data-name=\"moving-to-adresse\"><input size=\"40\" maxlength=\"400\" class=\"wpcf7-form-control wpcf7-text wpcf7-validates-as-required\" aria-required=\"true\" aria-invalid=\"false\" placeholder=\"DIRECCI\u00d3N\" value=\"\" type=\"text\" name=\"moving-to-adresse\" \/><\/span><br \/>\n<span class=\"wpcf7-form-control-wrap\" data-name=\"moving-to-suite\"><input size=\"40\" maxlength=\"400\" class=\"wpcf7-form-control wpcf7-text\" aria-invalid=\"false\" placeholder=\"OFICINA\" value=\"\" type=\"text\" name=\"moving-to-suite\" \/><\/span><br \/>\n<span class=\"wpcf7-form-control-wrap\" data-name=\"moving-to-ville\"><input size=\"40\" maxlength=\"400\" class=\"wpcf7-form-control wpcf7-text wpcf7-validates-as-required\" aria-required=\"true\" aria-invalid=\"false\" placeholder=\"CIUDAD\" value=\"\" type=\"text\" name=\"moving-to-ville\" \/><\/span><br \/>\n<span class=\"wpcf7-form-control-wrap\" data-name=\"moving-to-code-postal\"><input size=\"40\" maxlength=\"400\" class=\"wpcf7-form-control wpcf7-text wpcf7-validates-as-required\" aria-required=\"true\" aria-invalid=\"false\" placeholder=\"C\u00d3DIGO POSTAL\" value=\"\" type=\"text\" name=\"moving-to-code-postal\" \/><\/span>\n\t\t<\/p>\n\t<\/div>\n\t<div class=\"col-md-6\">\n\t\t<p><label for=\"to-piece-numbers\">N\u00daMERO DE HABITACIONES:<\/label><br \/>\n<span class=\"wpcf7-form-control-wrap\" data-name=\"to-room-numbers\"><input class=\"wpcf7-form-control wpcf7-number wpcf7-validates-as-required wpcf7-validates-as-number\" aria-required=\"true\" aria-invalid=\"false\" placeholder=\"4\" value=\"\" type=\"number\" name=\"to-room-numbers\" \/><\/span>\n\t\t<\/p>\n\t<\/div>\n\t<div class=\"col-md-6\">\n\t\t<p><label for=\"to-room-numbers\">N\u00daMERO DE PISOS:<\/label><br \/>\n<span class=\"wpcf7-form-control-wrap\" data-name=\"to-nbr-etage\"><input class=\"wpcf7-form-control wpcf7-number wpcf7-validates-as-required wpcf7-validates-as-number\" aria-required=\"true\" aria-invalid=\"false\" placeholder=\"2\" value=\"\" type=\"number\" name=\"to-nbr-etage\" \/><\/span>\n\t\t<\/p>\n\t<\/div>\n\t<div class=\"col-md-6\">\n\t\t<p><label for=\"to-ascenceur\">ASCENSOR:<\/label><br \/>\n<span class=\"wpcf7-form-control-wrap\" data-name=\"to-ascenseur\"><span class=\"wpcf7-form-control wpcf7-radio\"><span class=\"wpcf7-list-item first\"><input type=\"radio\" name=\"to-ascenseur\" value=\"Si\" checked=\"checked\" \/><span class=\"wpcf7-list-item-label\">Si<\/span><\/span><span class=\"wpcf7-list-item last\"><input type=\"radio\" name=\"to-ascenseur\" value=\"No\" \/><span class=\"wpcf7-list-item-label\">No<\/span><\/span><\/span><\/span>\n\t\t<\/p>\n\t<\/div>\n\t<div class=\"col-md-6\">\n\t\t<p><label for=\"to-stationnement\">ESTACIONAMIENTO:<\/label><br \/>\n<span class=\"wpcf7-form-control-wrap\" data-name=\"to-stationnement\"><span class=\"wpcf7-form-control wpcf7-radio\"><span class=\"wpcf7-list-item first\"><input type=\"radio\" name=\"to-stationnement\" value=\"Si\" checked=\"checked\" \/><span class=\"wpcf7-list-item-label\">Si<\/span><\/span><span class=\"wpcf7-list-item last\"><input type=\"radio\" name=\"to-stationnement\" value=\"No\" \/><span class=\"wpcf7-list-item-label\">No<\/span><\/span><\/span><\/span>\n\t\t<\/p>\n\t<\/div>\n\t<div class=\"col-md-12\">\n\t\t<p><label for=\"moving-date\">FECHA APROXIMADA DE LA MUDANZA:<\/label><br \/>\n<span class=\"wpcf7-form-control-wrap\" data-name=\"moving-date\"><input class=\"wpcf7-form-control wpcf7-date wpcf7-validates-as-required wpcf7-validates-as-date\" aria-required=\"true\" aria-invalid=\"false\" placeholder=\"Select a Date\" value=\"\" type=\"date\" name=\"moving-date\" \/><\/span>\n\t\t<\/p>\n\t<\/div>\n\t<div class=\"col-md-12\">\n\t\t<p><label>INFORMACI\u00d3N PERSONAL:<\/label><br \/>\n<span class=\"wpcf7-form-control-wrap\" data-name=\"contact-name\"><input size=\"40\" maxlength=\"400\" class=\"wpcf7-form-control wpcf7-text wpcf7-validates-as-required\" aria-required=\"true\" aria-invalid=\"false\" placeholder=\"NOMBRE, APELLIDO\" value=\"\" type=\"text\" name=\"contact-name\" \/><\/span>\n\t\t<\/p>\n\t<\/div>\n\t<div class=\"col-md-12\">\n\t\t<p><span class=\"wpcf7-form-control-wrap\" data-name=\"phone\"><input size=\"40\" maxlength=\"400\" class=\"wpcf7-form-control wpcf7-tel wpcf7-validates-as-required wpcf7-text wpcf7-validates-as-tel\" aria-required=\"true\" aria-invalid=\"false\" placeholder=\"TEL\u00c9FONO\" value=\"\" type=\"tel\" name=\"phone\" \/><\/span>\n\t\t<\/p>\n\t<\/div>\n\t<div class=\"col-md-12\">\n\t\t<p><span class=\"wpcf7-form-control-wrap\" data-name=\"email\"><input size=\"40\" maxlength=\"400\" class=\"wpcf7-form-control wpcf7-email wpcf7-validates-as-required wpcf7-text wpcf7-validates-as-email\" aria-required=\"true\" aria-invalid=\"false\" placeholder=\"ENV\u00cdE UN CORREO ELECTR\u00d3NICO A\" value=\"\" type=\"email\" name=\"email\" \/><\/span>\n\t\t<\/p>\n\t<\/div>\n\t<div class=\"col-md-12\">\n\t\t<p><span class=\"wpcf7-form-control-wrap\" data-name=\"commentaires\"><textarea cols=\"40\" rows=\"10\" maxlength=\"2000\" class=\"wpcf7-form-control wpcf7-textarea\" aria-invalid=\"false\" placeholder=\"COMENTARIOS\" name=\"commentaires\"><\/textarea><\/span>\n\t\t<\/p>\n\t<\/div>\n\t<div class=\"col-md-12 text-right mt20 text-center\">\n\t\t<p><input class=\"wpcf7-form-control wpcf7-submit has-spinner btn btn-lg btn-block btn-custom1\" type=\"submit\" value=\"ENVIAR\" \/><br \/>\n<small style=\"color:#fff;\" class=\"mt25\">*No compartimos su informaci\u00f3n personal con nadie.<\/small>\n\t\t<\/p>\n\t<\/div>\n<\/div><div class=\"wpcf7-response-output\" aria-hidden=\"true\"><\/div>\n<\/form>\n<\/div>\n[\/vc_column_text][\/vc_column][\/vc_row][\/vc_section]<\/p>\n","protected":false},"excerpt":{"rendered":"<p>[vc_row tm_textcolor=\u00bbwhite\u00bb tm_bgcolor=\u00bbdarkgrey\u00bb tm_bgimage_position=\u00bbcenter_top\u00bb full_width=\u00bbstretch_row\u00bb content_placement=\u00bbmiddle\u00bb css=\u00bb.vc_custom_1611775847452{margin-bottom: 100px !important;padding-top: 150px !important;padding-bottom: 150px !important;background-image: url(https:\/\/demenagement-economique.com\/wp-content\/uploads\/2021\/01\/estimation-gratuite-demenagement.png?id=3251) !important;background-position: center !important;background-repeat: no-repeat !important;background-size: cover !important;}\u00bb][vc_column][vc_row_inner][vc_column_inner][vc_column_text] \u00a1SOMOS LOS EXPERTOS EN MUDANZAS Y OFRECEMOS UNA ESTIMACION GRATUITA! \u00a1Necesita una estimacion gratuita para su mudanza en Mudanza economica! CONF\u00cdE EN EMPRESAS DE MUDANZAS CON M\u00c1S DE 15 A\u00d1OS DE EXPERIENCIA. UN EQUIPO &hellip; <a href=\"https:\/\/demenagement-economique.com\/es\/estimacion-gratuita\/\" class=\"more-link\">Continue reading <span class=\"screen-reader-text\">ESTIMACION GRATUITA<\/span><\/a><\/p>\n","protected":false},"author":1,"featured_media":0,"parent":0,"menu_order":6,"comment_status":"closed","ping_status":"closed","template":"","meta":{"footnotes":""},"class_list":["post-4189","page","type-page","status-publish","hentry"],"yoast_head":"<!-- This site is optimized with the Yoast SEO Premium plugin v26.9 (Yoast SEO v27.4) - https:\/\/yoast.com\/product\/yoast-seo-premium-wordpress\/ -->\n<title>ESTIMACION GRATUITA - D\u00e9m\u00e9nagement \u00e9conomique estimacion gratuita<\/title>\n<meta name=\"description\" content=\"\u00bfEstimaci\u00f3n gratuita para su mudanza? MUDANZA ECONOMICA en Montreal se ajusta a sus necesidades. ESTIMACION GRATUITA\" \/>\n<meta name=\"robots\" content=\"index, follow, max-snippet:-1, max-image-preview:large, max-video-preview:-1\" \/>\n<link rel=\"canonical\" href=\"https:\/\/demenagement-economique.com\/es\/estimacion-gratuita\/\" \/>\n<meta property=\"og:locale\" content=\"es_ES\" \/>\n<meta property=\"og:type\" content=\"article\" \/>\n<meta property=\"og:title\" content=\"ESTIMACION GRATUITA\" \/>\n<meta property=\"og:description\" content=\"\u00bfEstimaci\u00f3n gratuita para su mudanza? MUDANZA ECONOMICA en Montreal se ajusta a sus necesidades. ESTIMACION GRATUITA\" \/>\n<meta property=\"og:url\" content=\"https:\/\/demenagement-economique.com\/es\/estimacion-gratuita\/\" \/>\n<meta property=\"og:site_name\" content=\"D\u00e9m\u00e9nagement \u00e9conomique\" \/>\n<meta property=\"article:modified_time\" content=\"2022-01-22T15:54:02+00:00\" \/>\n<meta name=\"twitter:card\" content=\"summary_large_image\" \/>\n<meta name=\"twitter:label1\" content=\"Tiempo de lectura\" \/>\n\t<meta name=\"twitter:data1\" content=\"1 minuto\" \/>\n<script type=\"application\/ld+json\" class=\"yoast-schema-graph\">{\"@context\":\"https:\\\/\\\/schema.org\",\"@graph\":[{\"@type\":\"WebPage\",\"@id\":\"https:\\\/\\\/demenagement-economique.com\\\/es\\\/estimacion-gratuita\\\/\",\"url\":\"https:\\\/\\\/demenagement-economique.com\\\/es\\\/estimacion-gratuita\\\/\",\"name\":\"ESTIMACION GRATUITA - D\u00e9m\u00e9nagement \u00e9conomique estimacion gratuita\",\"isPartOf\":{\"@id\":\"https:\\\/\\\/demenagement-economique.com\\\/#website\"},\"datePublished\":\"2021-01-25T18:12:05+00:00\",\"dateModified\":\"2022-01-22T15:54:02+00:00\",\"description\":\"\u00bfEstimaci\u00f3n gratuita para su mudanza? MUDANZA ECONOMICA en Montreal se ajusta a sus necesidades. ESTIMACION GRATUITA\",\"breadcrumb\":{\"@id\":\"https:\\\/\\\/demenagement-economique.com\\\/es\\\/estimacion-gratuita\\\/#breadcrumb\"},\"inLanguage\":\"es\",\"potentialAction\":[{\"@type\":\"ReadAction\",\"target\":[\"https:\\\/\\\/demenagement-economique.com\\\/es\\\/estimacion-gratuita\\\/\"]}]},{\"@type\":\"BreadcrumbList\",\"@id\":\"https:\\\/\\\/demenagement-economique.com\\\/es\\\/estimacion-gratuita\\\/#breadcrumb\",\"itemListElement\":[{\"@type\":\"ListItem\",\"position\":1,\"name\":\"Home\",\"item\":\"https:\\\/\\\/demenagement-economique.com\\\/\"},{\"@type\":\"ListItem\",\"position\":2,\"name\":\"ESTIMACION GRATUITA\"}]},{\"@type\":\"WebSite\",\"@id\":\"https:\\\/\\\/demenagement-economique.com\\\/#website\",\"url\":\"https:\\\/\\\/demenagement-economique.com\\\/\",\"name\":\"D\u00e9m\u00e9nagement \u00e9conomique\",\"description\":\"D\u00e9m\u00e9nagement \u00e9conomique \u00e0 Montr\u00e9al\",\"publisher\":{\"@id\":\"https:\\\/\\\/demenagement-economique.com\\\/#organization\"},\"potentialAction\":[{\"@type\":\"SearchAction\",\"target\":{\"@type\":\"EntryPoint\",\"urlTemplate\":\"https:\\\/\\\/demenagement-economique.com\\\/?s={search_term_string}\"},\"query-input\":{\"@type\":\"PropertyValueSpecification\",\"valueRequired\":true,\"valueName\":\"search_term_string\"}}],\"inLanguage\":\"es\"},{\"@type\":\"Organization\",\"@id\":\"https:\\\/\\\/demenagement-economique.com\\\/#organization\",\"name\":\"D\u00e9m\u00e9nagement \u00e9conomique\",\"url\":\"https:\\\/\\\/demenagement-economique.com\\\/\",\"logo\":{\"@type\":\"ImageObject\",\"inLanguage\":\"es\",\"@id\":\"https:\\\/\\\/demenagement-economique.com\\\/#\\\/schema\\\/logo\\\/image\\\/\",\"url\":\"https:\\\/\\\/demenagement-economique.com\\\/wp-content\\\/uploads\\\/2021\\\/08\\\/logo_entete_demenagement_economique_united-2.png\",\"contentUrl\":\"https:\\\/\\\/demenagement-economique.com\\\/wp-content\\\/uploads\\\/2021\\\/08\\\/logo_entete_demenagement_economique_united-2.png\",\"width\":727,\"height\":153,\"caption\":\"D\u00e9m\u00e9nagement \u00e9conomique\"},\"image\":{\"@id\":\"https:\\\/\\\/demenagement-economique.com\\\/#\\\/schema\\\/logo\\\/image\\\/\"}}]}<\/script>\n<!-- \/ Yoast SEO Premium plugin. -->","yoast_head_json":{"title":"ESTIMACION GRATUITA - D\u00e9m\u00e9nagement \u00e9conomique estimacion gratuita","description":"\u00bfEstimaci\u00f3n gratuita para su mudanza? MUDANZA ECONOMICA en Montreal se ajusta a sus necesidades. ESTIMACION GRATUITA","robots":{"index":"index","follow":"follow","max-snippet":"max-snippet:-1","max-image-preview":"max-image-preview:large","max-video-preview":"max-video-preview:-1"},"canonical":"https:\/\/demenagement-economique.com\/es\/estimacion-gratuita\/","og_locale":"es_ES","og_type":"article","og_title":"ESTIMACION GRATUITA","og_description":"\u00bfEstimaci\u00f3n gratuita para su mudanza? MUDANZA ECONOMICA en Montreal se ajusta a sus necesidades. ESTIMACION GRATUITA","og_url":"https:\/\/demenagement-economique.com\/es\/estimacion-gratuita\/","og_site_name":"D\u00e9m\u00e9nagement \u00e9conomique","article_modified_time":"2022-01-22T15:54:02+00:00","twitter_card":"summary_large_image","twitter_misc":{"Tiempo de lectura":"1 minuto"},"schema":{"@context":"https:\/\/schema.org","@graph":[{"@type":"WebPage","@id":"https:\/\/demenagement-economique.com\/es\/estimacion-gratuita\/","url":"https:\/\/demenagement-economique.com\/es\/estimacion-gratuita\/","name":"ESTIMACION GRATUITA - D\u00e9m\u00e9nagement \u00e9conomique estimacion gratuita","isPartOf":{"@id":"https:\/\/demenagement-economique.com\/#website"},"datePublished":"2021-01-25T18:12:05+00:00","dateModified":"2022-01-22T15:54:02+00:00","description":"\u00bfEstimaci\u00f3n gratuita para su mudanza? MUDANZA ECONOMICA en Montreal se ajusta a sus necesidades. ESTIMACION GRATUITA","breadcrumb":{"@id":"https:\/\/demenagement-economique.com\/es\/estimacion-gratuita\/#breadcrumb"},"inLanguage":"es","potentialAction":[{"@type":"ReadAction","target":["https:\/\/demenagement-economique.com\/es\/estimacion-gratuita\/"]}]},{"@type":"BreadcrumbList","@id":"https:\/\/demenagement-economique.com\/es\/estimacion-gratuita\/#breadcrumb","itemListElement":[{"@type":"ListItem","position":1,"name":"Home","item":"https:\/\/demenagement-economique.com\/"},{"@type":"ListItem","position":2,"name":"ESTIMACION GRATUITA"}]},{"@type":"WebSite","@id":"https:\/\/demenagement-economique.com\/#website","url":"https:\/\/demenagement-economique.com\/","name":"D\u00e9m\u00e9nagement \u00e9conomique","description":"D\u00e9m\u00e9nagement \u00e9conomique \u00e0 Montr\u00e9al","publisher":{"@id":"https:\/\/demenagement-economique.com\/#organization"},"potentialAction":[{"@type":"SearchAction","target":{"@type":"EntryPoint","urlTemplate":"https:\/\/demenagement-economique.com\/?s={search_term_string}"},"query-input":{"@type":"PropertyValueSpecification","valueRequired":true,"valueName":"search_term_string"}}],"inLanguage":"es"},{"@type":"Organization","@id":"https:\/\/demenagement-economique.com\/#organization","name":"D\u00e9m\u00e9nagement \u00e9conomique","url":"https:\/\/demenagement-economique.com\/","logo":{"@type":"ImageObject","inLanguage":"es","@id":"https:\/\/demenagement-economique.com\/#\/schema\/logo\/image\/","url":"https:\/\/demenagement-economique.com\/wp-content\/uploads\/2021\/08\/logo_entete_demenagement_economique_united-2.png","contentUrl":"https:\/\/demenagement-economique.com\/wp-content\/uploads\/2021\/08\/logo_entete_demenagement_economique_united-2.png","width":727,"height":153,"caption":"D\u00e9m\u00e9nagement \u00e9conomique"},"image":{"@id":"https:\/\/demenagement-economique.com\/#\/schema\/logo\/image\/"}}]}},"_links":{"self":[{"href":"https:\/\/demenagement-economique.com\/es\/wp-json\/wp\/v2\/pages\/4189","targetHints":{"allow":["GET"]}}],"collection":[{"href":"https:\/\/demenagement-economique.com\/es\/wp-json\/wp\/v2\/pages"}],"about":[{"href":"https:\/\/demenagement-economique.com\/es\/wp-json\/wp\/v2\/types\/page"}],"author":[{"embeddable":true,"href":"https:\/\/demenagement-economique.com\/es\/wp-json\/wp\/v2\/users\/1"}],"replies":[{"embeddable":true,"href":"https:\/\/demenagement-economique.com\/es\/wp-json\/wp\/v2\/comments?post=4189"}],"version-history":[{"count":5,"href":"https:\/\/demenagement-economique.com\/es\/wp-json\/wp\/v2\/pages\/4189\/revisions"}],"predecessor-version":[{"id":4232,"href":"https:\/\/demenagement-economique.com\/es\/wp-json\/wp\/v2\/pages\/4189\/revisions\/4232"}],"wp:attachment":[{"href":"https:\/\/demenagement-economique.com\/es\/wp-json\/wp\/v2\/media?parent=4189"}],"curies":[{"name":"wp","href":"https:\/\/api.w.org\/{rel}","templated":true}]}}